{"id":22440,"date":"2025-02-04T10:37:24","date_gmt":"2025-02-04T10:37:24","guid":{"rendered":"https:\/\/abedholdingco.com\/catalogs\/"},"modified":"2025-02-13T22:06:47","modified_gmt":"2025-02-13T22:06:47","slug":"catalogs","status":"publish","type":"page","link":"https:\/\/abedholdingco.com\/pt-br\/catalogs\/","title":{"rendered":"Cat\u00e1logos"},"content":{"rendered":"\t\t<div data-elementor-type=\"wp-page\" data-elementor-id=\"22440\" class=\"elementor elementor-22440 elementor-21371\" data-elementor-post-type=\"page\">\n\t\t\t\t<div class=\"elementor-element elementor-element-8be9f28 e-con-full wd-section-stretch-content e-flex e-con e-parent\" data-id=\"8be9f28\" data-element_type=\"container\" data-settings=\"{&quot;background_background&quot;:&quot;classic&quot;}\">\n\t\t\t\t<div class=\"elementor-element elementor-element-b140ad5 elementor-widget elementor-widget-heading\" data-id=\"b140ad5\" data-element_type=\"widget\" data-widget_type=\"heading.default\">\n\t\t\t\t<div class=\"elementor-widget-container\">\n\t\t\t\t\t<h2 class=\"elementor-heading-title elementor-size-default\">Nossos cat\u00e1logos\n\n\n\n\n\n\n\n<\/h2>\t\t\t\t<\/div>\n\t\t\t\t<\/div>\n\t\t\t\t<div class=\"elementor-element elementor-element-edde9da elementor-widget elementor-widget-heading\" data-id=\"edde9da\" data-element_type=\"widget\" data-widget_type=\"heading.default\">\n\t\t\t\t<div class=\"elementor-widget-container\">\n\t\t\t\t\t<h2 class=\"elementor-heading-title elementor-size-default\">D\u00ea uma olhada em nossos cat\u00e1logos para conhecer melhor nossos produtos.<\/h2>\t\t\t\t<\/div>\n\t\t\t\t<\/div>\n\t\t\t\t<\/div>\n\t\t<div class=\"wd-negative-gap elementor-element elementor-element-c87c3a2 e-flex e-con-boxed e-con e-parent\" data-id=\"c87c3a2\" data-element_type=\"container\">\n\t\t\t\t\t<div class=\"e-con-inner\">\n\t\t<div class=\"elementor-element elementor-element-3f070b8 e-con-full e-flex e-con e-child\" data-id=\"3f070b8\" data-element_type=\"container\">\n\t\t\t\t<div class=\"elementor-element elementor-element-dc4baa5 elementor-position-top elementor-widget elementor-widget-image-box\" data-id=\"dc4baa5\" data-element_type=\"widget\" data-widget_type=\"image-box.default\">\n\t\t\t\t<div class=\"elementor-widget-container\">\n\t\t\t\t\t<div class=\"elementor-image-box-wrapper\"><figure class=\"elementor-image-box-img\"><a href=\"https:\/\/abedholdingco.com\/wp-content\/uploads\/2025\/02\/Seaport-sunum-1.pdf\" tabindex=\"-1\"><img fetchpriority=\"high\" decoding=\"async\" width=\"828\" height=\"585\" src=\"https:\/\/abedholdingco.com\/wp-content\/uploads\/2025\/02\/download-1-1.png\" class=\"attachment-full size-full wp-image-23640\" alt=\"\" srcset=\"https:\/\/abedholdingco.com\/wp-content\/uploads\/2025\/02\/download-1-1.png 828w, https:\/\/abedholdingco.com\/wp-content\/uploads\/2025\/02\/download-1-1-400x283.png 400w, https:\/\/abedholdingco.com\/wp-content\/uploads\/2025\/02\/download-1-1-768x543.png 768w\" sizes=\"(max-width: 828px) 100vw, 828px\" \/><\/a><\/figure><div class=\"elementor-image-box-content\"><h3 class=\"elementor-image-box-title\"><a href=\"https:\/\/abedholdingco.com\/wp-content\/uploads\/2025\/02\/Seaport-sunum-1.pdf\">Seaport Sunum <\/a><\/h3><\/div><\/div>\t\t\t\t<\/div>\n\t\t\t\t<\/div>\n\t\t\t\t<\/div>\n\t\t<div class=\"elementor-element elementor-element-c7ec944 e-con-full e-flex e-con e-child\" data-id=\"c7ec944\" data-element_type=\"container\">\n\t\t\t\t<\/div>\n\t\t<div class=\"elementor-element elementor-element-2c0f3a6 e-con-full e-flex e-con e-child\" data-id=\"2c0f3a6\" data-element_type=\"container\">\n\t\t\t\t<\/div>\n\t\t\t\t\t<\/div>\n\t\t\t\t<\/div>\n\t\t\t\t<\/div>\n\t\t","protected":false},"excerpt":{"rendered":"<p>Nossos cat\u00e1logos D\u00ea uma olhada em nossos cat\u00e1logos para conhecer melhor nossos produtos. Seaport Sunum<\/p>\n","protected":false},"author":1,"featured_media":0,"parent":0,"menu_order":0,"comment_status":"closed","ping_status":"closed","template":"elementor_header_footer","meta":{"footnotes":""},"class_list":["post-22440","page","type-page","status-publish","hentry"],"_links":{"self":[{"href":"https:\/\/abedholdingco.com\/pt-br\/wp-json\/wp\/v2\/pages\/22440","targetHints":{"allow":["GET"]}}],"collection":[{"href":"https:\/\/abedholdingco.com\/pt-br\/wp-json\/wp\/v2\/pages"}],"about":[{"href":"https:\/\/abedholdingco.com\/pt-br\/wp-json\/wp\/v2\/types\/page"}],"author":[{"embeddable":true,"href":"https:\/\/abedholdingco.com\/pt-br\/wp-json\/wp\/v2\/users\/1"}],"replies":[{"embeddable":true,"href":"https:\/\/abedholdingco.com\/pt-br\/wp-json\/wp\/v2\/comments?post=22440"}],"version-history":[{"count":7,"href":"https:\/\/abedholdingco.com\/pt-br\/wp-json\/wp\/v2\/pages\/22440\/revisions"}],"predecessor-version":[{"id":23645,"href":"https:\/\/abedholdingco.com\/pt-br\/wp-json\/wp\/v2\/pages\/22440\/revisions\/23645"}],"wp:attachment":[{"href":"https:\/\/abedholdingco.com\/pt-br\/wp-json\/wp\/v2\/media?parent=22440"}],"curies":[{"name":"wp","href":"https:\/\/api.w.org\/{rel}","templated":true}]}}